{"id":569,"date":"2022-03-09T17:22:55","date_gmt":"2022-03-09T17:22:55","guid":{"rendered":"https:\/\/mallorca-riders.com\/?page_id=569"},"modified":"2022-03-10T20:32:30","modified_gmt":"2022-03-10T20:32:30","slug":"terms","status":"publish","type":"page","link":"https:\/\/mallorca-riders.com\/es\/terms\/","title":{"rendered":"Terms"},"content":{"rendered":"<p><strong>CONDICIONES CONTRACTUALES<\/strong><br \/>\n<strong>ART\u00cdCULO 1.-\u00a0 \u00a0UTILIZACI\u00d3N DEL VEH\u00cdCULO.<\/strong><br \/>\n1.1 El Arrendatario se compromete a utilizar y conducir el Veh\u00edculo de acuerdo con las normas b\u00e1sicas de conducci\u00f3n y circulaci\u00f3n, y conforme a las especificaciones de<br \/>\nuso del tipo de Veh\u00edculo.<br \/>\n1.2 El Arrendatario se compromete a no utilizar el Veh\u00edculo y\/o no dejar que el mismo sea utilizado en los siguientes supuestos:<br \/>\na) Transporte remunerado de pasajeros.<br \/>\nb) Empujar o remolcar cualquier Veh\u00edculo o cualquier otro objeto, rodante o no.<br \/>\nc) Participar en competiciones, oficiales o no.<br \/>\nd) Conducir el Veh\u00edculo bajo los efectos del alcohol o de narc\u00f3ticos.<br \/>\ne) Transporte de mercanc\u00edas que infrinjan la ley o las disposiciones legales vigentes o con fines il\u00edcitos.<br \/>\nf) Transporte de pasajeros en n\u00famero superior al autorizado y\/o indicado en la Ficha de Inspecci\u00f3n T\u00e9cnica del Veh\u00edculo.<br \/>\ng) Transporte de mercanc\u00edas en peso, cantidad y\/o volumen superior al autorizado en la Ficha de Inspecci\u00f3n T\u00e9cnica del Veh\u00edculo.<br \/>\nh) Transporte de mercanc\u00edas clasificadas como especiales o peligrosas por las vigentes Leyes de transportes.<br \/>\ni) No usar ni permitir que sea usado el veh\u00edculo arrendado como medio o instrumento para la comisi\u00f3n de delitos, actuaciones penadas, prohibidas o simplemente<br \/>\nsancionadas por la Ley, auxilio a delincuentes o protecci\u00f3n, transporte y cobijo de objetos procedentes de delitos.<br \/>\n1.3 S\u00f3lo est\u00e1n autorizados a conducir el Veh\u00edculo la persona o personas identificadas y aceptadas por el Arrendador en el contrato de alquiler y\/o cualquier anexo al<br \/>\nmismo, y sean titulares y est\u00e9n en posesi\u00f3n de permiso de conducir v\u00e1lido y en vigor de, como m\u00ednimo.<br \/>\n1.4 El Arrendatario se compromete a mantener el Veh\u00edculo cerrado cuando no lo utilice y a conservar en su interior los documentos del mismo.<br \/>\n1.5 Queda expresamente prohibido al Arrendatario ceder, hipotecar, pignorar, vender o de cualquier manera dar en garantia: el Veh\u00edculo, el contrato de alquiler, las<br \/>\nllaves, la documentaci\u00f3n, el equipamiento, las herramientas y\/o accesorios del Veh\u00edculo y\/o cualquier parte o pieza del mismo, o ratar lo anterior de manera que cause<br \/>\nperjuicio al Arrendador.<br \/>\n1.6 Se proh\u00edbe, salvo autorizaci\u00f3n expresa y por escrito del Arrendador, el traslado del Veh\u00edculo fuera de la isla de Mallorca. Cualquier infracci\u00f3n a las presentes<br \/>\ncondiciones autorizar\u00e1 al Arrendador a obligar al Arrendatario a que res?tuya el Veh\u00edculo inmediatamente, sin necesidad de justificaci\u00f3n ni compensaci\u00f3n.<br \/>\n1.7 No est\u00e1 permitido llevar ni\u00f1os menores de 12a\u00f1os en la moto<\/p>\n<p>1.8 No est\u00e1 en absoluto permitido salir de las carreteras asfaltadas<\/p>\n<p><strong>ART\u00cdCULO 2.-\u00a0 \u00a0ESTADO DEL VEH\u00cdCULO.<\/strong><br \/>\n2.1 El Arrendatario reconoce que ha recibido el veh\u00edculo en buen estado de funcionamiento y limpieza, incluidos los dos neum\u00e1ticos, que en caso de deterioro por causa<br \/>\nque no sea el desgaste normal, el Arrendatario deber\u00e1 reemplazar inmediatamente, a su costa por otro u otros de id\u00e9nticas caracter\u00edsticas y estado de uso o satisfacer su<br \/>\nimporte. Igualmente el Arrendatario ser\u00e1 responsable del da\u00f1o que hubiera causado al veh\u00edculo.<br \/>\n2.2 Queda expresamente prohibido al Arrendatario variar cualquier caracter\u00edstica t\u00e9cnica del Veh\u00edculo, las llaves del Veh\u00edculo, el equipamiento del Veh\u00edculo, las<br \/>\nherramientas y\/o accesorios del Veh\u00edculo, as\u00ed como efectuar cualquier modificaci\u00f3n de su aspecto. En caso de infracci\u00f3n de este articulo, el Arrendatario deber\u00e1 correr<br \/>\ncon los gastos, debidamente justificados, de reacondicionamiento del Veh\u00edculo a su estado original y abonar una cantidad en concepto de indemnizaci\u00f3n por<br \/>\ninmovilizaci\u00f3n del veh\u00edculo.<br \/>\n2.3 El Arrendatario releva al Arrendador de toda responsabilidad por p\u00e9rdidas o da\u00f1os que se produzcan en objetos dejados o transportados en el Veh\u00edculo por el<br \/>\nArrendatario o por cualquier otra persona o en la ropa de estos, bien durante la vigencia del contrato o despu\u00e9s de la devoluci\u00f3n del Veh\u00edculo.<\/p>\n<p><strong>ART\u00cdCULO 3.-\u00a0 \u00a0PRECIO, DEP\u00d3SITO Y PR\u00d3RROGA.<\/strong><br \/>\n3.1 El precio del alquiler, as\u00ed como el dep\u00f3sito se determinan por la lista de precios que se adjunta y deber\u00e1n ser abonados previamente por el Arrendatario. En ning\u00fan<br \/>\ncaso el dep\u00f3sito podr\u00e1 servir para una pr\u00f3rroga del alquiler. El pago de dichos importes deber\u00e1 ser realizado mediante tarjeta de cr\u00e9dito o al contado<br \/>\n3.2 La duraci\u00f3n del alquiler ser\u00e1 pactada en el contrato, y se facturar\u00e1 en base a per\u00edodos de horas, contados desde el momento en que \u00e9ste se hubiera formalizado,<br \/>\npasado el cual se realizar\u00e1 un cargo adicional del importe equivalente a 1 d\u00eda de alquiler.<br \/>\n3.3 En caso de que el Arrendatario quisiera conservar el Veh\u00edculo por tiempo superior al convenido en el contrato, deber\u00e1 obtener autorizaci\u00f3n escrita del Arrendador, a<br \/>\nquien deber\u00e1 abonar el importe correspondiente.<br \/>\n3.4 El Arrendatario se compromete a devolver el Veh\u00edculo al Arrendador en la fecha y lugar previstos en el contrato de alquiler. \u00danicamente se considera el servicio<br \/>\nterminado una vez que el Veh\u00edculo y las llaves del mismo han sido devueltos al Arrendador.<br \/>\n3.5 Si el Arrendatario circula con el contrato caducado y sin autorizaci\u00f3n del Arrendador, autom\u00e1ticamente quedar\u00e1n en suspenso los seguros contratados.<\/p>\n<p><strong>ART\u00cdCULO 4.-\u00a0 \u00a0PAGOS.<\/strong><br \/>\n4.1 El Arrendatario se compromete a pagar al Arrendador:<br \/>\na) La cantidad resultante de la aplicaci\u00f3n de la lista de precios adjunta y el precio pactado en el contrato de alquiler, correspondiente a duraci\u00f3n, seguros, exenciones<br \/>\nopcionales, equipamiento opcional y servicios complementarios, seg\u00fan las condiciones aplicadas, as\u00ed como los impuestos y tasas aplicables.<br \/>\nb) El importe de los da\u00f1os y\/o sustracciones sufridas total o parcialmente en el Veh\u00edculo. La responsabilidad m\u00e1xima del Arrendatario ser\u00e1 el valor del Veh\u00edculo en el<br \/>\nmercado.<br \/>\nEn caso de da\u00f1os al veh\u00edculo, as\u00ed como a sus accesorios y complementos, y\/o sustracci\u00f3n de los mismos, se efectuar\u00e1 el correspondiente cargo al Arrendatario por los<br \/>\nsiguientes conceptos e importes:<br \/>\n\u00b7 Chapa: golpes, roces:\u00a0 \u00a0 \u00a0 \u00a0 \u00a0 \u00a0 \u00a0 \u00a0 \u00a0 \u00a0 \u00a0 \u00a0 \u00a0 \u00a0 \u00a0 \u00a0 \u00a0 \u00a0 \u00a0 \u00a0 \u00a0 \u00a0 \u00a0 \u00a0 \u00a0 \u00a0 \u00a0 \u00a0 \u00a0 \u00a0 \u00a0 \u00a0 \u00a0 \u00a0 \u00a0Sujeto a peritaje en taller homologado.<br \/>\n\u00b7 Cristales\/espejos: picadas, rajas, p\u00e9rdidas, sustracci\u00f3n:\u00a0 \u00a0 \u00a0 \u00a0Sujeto a peritaje en taller homologado.<br \/>\n\u00b7 Luces: carcasas rotas:\u00a0 \u00a0 \u00a0 \u00a0 \u00a0 \u00a0 \u00a0 \u00a0 \u00a0 \u00a0 \u00a0 \u00a0 \u00a0 \u00a0 \u00a0 \u00a0 \u00a0 \u00a0 \u00a0 \u00a0 \u00a0 \u00a0 \u00a0 \u00a0 \u00a0 \u00a0 \u00a0 \u00a0 \u00a0 \u00a0 \u00a0 \u00a0 \u00a0 \u00a0 Sujeto a peritaje en taller homologado.<br \/>\n\u00b7 Neum\u00e1ticos: pinchazos:\u00a0 \u00a0 \u00a0 \u00a0 \u00a0 \u00a0 \u00a0 \u00a0 \u00a0 \u00a0 \u00a0 \u00a0 \u00a0 \u00a0 \u00a0 \u00a0 \u00a0 \u00a0 \u00a0 \u00a0 \u00a0 \u00a0 \u00a0 \u00a0 \u00a0 \u00a0 \u00a0 \u00a0 \u00a0 \u00a0 \u00a0 \u00a0 Sujeto a peritaje en taller homologado.<br \/>\n\u00b7 Documentaci\u00f3n y\/o Llaves: P\u00e9rdida, sustracci\u00f3n:\u00a0 \u00a0 \u00a0 \u00a0 \u00a0 \u00a0 \u00a0 \u00a0 <strong>\u00a0 100.-\u20ac.<\/strong><br \/>\n\u00b7 Accesorios: p\u00e9rdida, sustracci\u00f3n, deterioro:\u00a0 \u00a0 \u00a0 \u00a0 \u00a0 \u00a0 \u00a0 \u00a0 \u00a0 \u00a0 \u00a0 \u00a0 \u00a0 \u00a0 Sujeto a peritaje en taller homologado<br \/>\n\u00b7 Servicio de repostado en Veh\u00edculos a combusti\u00f3n:\u00a0 \u00a0 \u00a0 \u00a0 \u00a0 \u00a0 \u00a0 \u00a0 \u00a0<strong>20 \u20ac m\u00e1s el coste del combustible.<\/strong><br \/>\nA todos los importes rese\u00f1ados se les a\u00f1adir\u00e1 el correspondiente Impuesto sobre el Valor A\u00f1adido o impuesto que lo sustituya.<br \/>\nc) La cantidad correspondiente a las multas por cualquier infracci\u00f3n a la legislaci\u00f3n vigente y aplicable, especialmente la relativa al C\u00f3digo de Circulaci\u00f3n y normativa de<br \/>\nTransportes, en el que pudiera incurrir el Arrendatario, as\u00ed como los cargos correspondientes por el retraso en el pago por parte del Arrendatario y los gastos judiciales o<br \/>\nextrajudiciales en que hubiera podido incurrir el Arrendador como consecuencia de lo anterior. A s\u00ed como el importe de los d\u00edas que el Arrendador no pueda<br \/>\ndisponer libremente del veh\u00edculo por motivo de embargo, aver\u00eda o da\u00f1os causados a l durante el arrendamiento imputable al Arrendatario. Todo ello con excepci\u00f3n de los<br \/>\nque sea responsable el Arrendador como propietario y titular del Veh\u00edculo. <strong>Se a\u00f1adir\u00e1 50\u20ac de gastos de gesti\u00f3n.<\/strong><br \/>\n4.2 El pago de los importes se\u00f1alados en el apartado 4.1 anterior deber\u00e1 ser realizado mediante tarjeta de cr\u00e9dito o en met\u00e1lico. En caso de que se efect\u00fae en met\u00e1lico,<br \/>\nel Arrendador se reserva el derecho de poder solicitar al Arrendatario una o m\u00e1s tarjetas de cr\u00e9dito en concepto de garantia.<br \/>\nSi el pago de cualquiera de los importes referidos anteriormente se efect\u00faa mediante una tarjeta de cr\u00e9dito o de d\u00e9bito, la firma del arrendatario en el acepto de los<br \/>\nt\u00e9rminos y condiciones generales del contrato de alquiler, constituye autorizaci\u00f3n al arrendador para cargar el importe total final del contrato a la cuenta del arrendatario<br \/>\nen la entidad emisora de la tarjeta.<br \/>\n4.3 La forma de pago ser\u00e1 siempre al contado (efectivo o tarjeta) en el momento de la firma del contrato. Podr\u00e1 pactarse una forma de pago distinta, cuyas condiciones<br \/>\nse deber\u00e1n reflejar por escrito en el contrato.<br \/>\n4.4 <em>En caso de siniestro el arrendatario da permiso en cobrarles un importe de 4.000\u20ac como anticipo por los da\u00f1o causados al veh\u00edculo con la tarjeta arriba escrita.<\/em><\/p>\n<p><strong>ART\u00cdCULO 5.-\u00a0 \u00a0SEGUROS.<\/strong><br \/>\n5.1 Las tarifas de alquiler incluyen las coberturas del seguro obligatorio del Veh\u00edculo con modalidad de terceros, que cubre como m\u00e1ximo por v\u00edctima y siniestro, las<br \/>\ncuantias establecidas reglamentariamente en el momento del accidente; y del Complementario de Responsabilidad Civil.<br \/>\n5.2 Estas coberturas quedan garantizadas y son asumidas por el asegurador con el que el Arrendador tenga concertada la correspondiente p\u00f3liza de seguro.<br \/>\n5.3 Mediante la firma del contrato de alquiler el Arrendatario se adhiere como asegurado a la mencionada p\u00f3liza, de la cual existe una copia en la sede social del<br \/>\nArrendador.<br \/>\n5.4 El arrendatario tiene la opci\u00f3n de elegir un seguro VIP el cual tiene un coste de 15\u20ac\/d\u00eda, el cual cubre con una franquicia de 1.500\u20ac los da\u00f1os que sufriera el veh\u00edculo<br \/>\ny no fueran cubiertos por la p\u00f3liza que este tuviera contratada. As\u00ed mismo el dep\u00f3sito requerido en este caso es de 1.500\u20ac.<br \/>\n5.5 . Exclusiones del Seguro Obligatorio del Veh\u00edculo .<br \/>\nEste seguro no cubre:<br \/>\n&#8211; Los da\u00f1os producidos a la persona del conductor del veh\u00edculo, ni ocupantes.<br \/>\n&#8211; Los da\u00f1os producidos al veh\u00edculo asegurado por los equipajes, mercanc\u00edas u objetos transportados en el veh\u00edculo.<br \/>\n&#8211; Los da\u00f1os corporales y materiales producidos con ocasi\u00f3n de haber sido robado el veh\u00edculo asegurado.<br \/>\nEstos da\u00f1os ser\u00e1n por cuenta del Arrendatario.<br \/>\n5.6 Exclusiones del Seguro Complementario de Responsabilidad Civil.<br \/>\nEste seguro no cubre:<br \/>\n&#8211; Los da\u00f1os, p\u00e9rdidas ni cualquier otro perjuicio sufrido en los equipajes, mercanc\u00edas u objetos transportados en el Veh\u00edculo.<br \/>\n&#8211; La p\u00e9rdida total o parcial ni da\u00f1os sufridos en el veh\u00edculo por robo y\/o vandalismo y\/o accidente de circulaci\u00f3n imputable al arrendatario o su conductor.<br \/>\n&#8211; El pago de las multas o sanciones impuestas por las autoridades competentes y las consecuencias de su impago.<br \/>\n&#8211; Los da\u00f1os y perjuicios causados en las personas y bienes de los que resulten titulares el arrendatario, el conductor, sus c\u00f3nyuges, ascendientes o descendientes<br \/>\nhasta tercer grado de consanguinidad o afinidad, siempre y cuando convivan con habitualmente con ellos y a sus expensas.<br \/>\n&#8211; La Responsabilidad Civil Contractual.<br \/>\n&#8211; Los da\u00f1os producidos a la persona del conductor del veh\u00edculo, ni ocupantes.<br \/>\n&#8211; Los da\u00f1os producidos al veh\u00edculo asegurado por los equipajes, mercanc\u00edas u objetos transportados en el veh\u00edculo.<br \/>\n&#8211; Los da\u00f1os corporales y materiales producidos con ocasi\u00f3n de haber sido robado el veh\u00edculo asegurado.<br \/>\nEstos da\u00f1os ser\u00e1n por cuenta del Arrendatario.<br \/>\n5.7 Exclusiones Generales.<br \/>\nNinguna de las modalidades de seguro cubrir\u00e1 los da\u00f1os producidos en el veh\u00edculo asegurado como consecuencia de:<br \/>\n&#8211; Guerras.<br \/>\n&#8211; Cat\u00e1strofes naturales y fen\u00f3menos naturales.<br \/>\n&#8211; Terrorismo, tumulto, o mot\u00edn.<br \/>\n&#8211; Actuaciones de los Cuerpos y Fuerzas de seguridad del Estado.<br \/>\n&#8211; Participaci\u00f3n en competiciones.<br \/>\n&#8211; Conducci\u00f3n sin permiso o licencia de circulaci\u00f3n, o sin la autorizaci\u00f3n del arrendador.<br \/>\n&#8211; Conducci\u00f3n bajo los efectos de bebidas alcoh\u00f3licas, drogas o estupefacientes.<br \/>\nEstos da\u00f1os ser\u00e1n por cuenta del Arrendatario.<\/p>\n<p><strong>ART\u00cdCULO 6.-\u00a0 \u00a0ACCIDENTES.<\/strong><br \/>\n6.1 El Arrendatario se compromete a informar en un plazo no superior a 24 horas al Arrendador de cualquier siniestro y a transmitirle inmediatamente cuantas cartas,<br \/>\ncitaciones o notificaciones que a dicho siniestro se refieran y prestar completa colaboraci\u00f3n con el Arrendador y a la Compa\u00f1\u00eda Aseguradora en la investigaci\u00f3n y defensa<br \/>\nde cualquier reclamaci\u00f3n o proceso.<br \/>\n6.2 En el momento del accidente o siniestro el Arrendatario cumplimentar\u00e1 debidamente el parte de accidentes (el cual se entrega junto con toda la documentaci\u00f3n),<br \/>\ndebiendo entregar una copia firmada por los conductores implicados en el accidente en cualquiera de nuestras oficinas en un plazo nunca superior a 24h; llamando por<br \/>\ntel\u00e9fono incluso si las circunstancias lo aconsejaran.<br \/>\n6.3 En caso de aver\u00eda o accidente el Arrendador no asume ninguna responsabilidad por los perjuicios que directa o indirectamente pudieran causar al Arrendatario<br \/>\npor tal motivo.<br \/>\nART\u00cdCULO 7.- MANTENIMIENTO Y REPARACIONES.<br \/>\n7.1 El desgaste mec\u00e1nico por el uso normal del Veh\u00edculo es asumido por el Arrendador.<br \/>\n7.2 Modalidades de Mantenimiento.<br \/>\n7.2.1 Mantenimiento a cargo del Arrendatario:<br \/>\nEl Arrendatario asume el mantenimiento del veh\u00edculo para su correcto funcionamiento durante la duraci\u00f3n del contrato, adem\u00e1s de todo lo que no est\u00e9 incluido por<br \/>\nla garantia ofrecida por la<br \/>\nmarca o concesionario.<br \/>\n7.2.2 Mantenimiento a cargo del Arrendador:<br \/>\nLo establecido en el punto 7.2.1 anterior es asumido por el arrendador, estando incluido en la Tarifa General Vigente.<br \/>\n7.3 El Arrendatario no est\u00e1 autorizado a ordenar reparaciones en el Veh\u00edculo sin la autorizaci\u00f3n expresa del Arrendador.<br \/>\nART\u00cdCULO 8.- COMBUSTIBLES.<br \/>\n8.1 El combustible consumido por el Veh\u00edculo durante el per\u00edodo de alquiler del mismo es por cuenta del Arrendatario.<br \/>\n8.2 El Arrendatario deber\u00e1 repostar el Veh\u00edculo con el tipo de combustible adecuado para el mismo <strong>(98 octanos)<\/strong>. En caso contrario el Arrendatario ser\u00e1 responsable de<br \/>\nlos gastos ocasionados por el traslado y\/o la reparaci\u00f3n de los da\u00f1os que hubieran podido producir en el Veh\u00edculo por uso de combustible inadecuado.<br \/>\n8.3 El Veh\u00edculo se entregar\u00e1 al Arrendatario con el dep\u00f3sito <strong>lleno de combustible<\/strong>, comprometi\u00e9ndose el Arrendatario a devolver el Veh\u00edculo con el dep\u00f3sito igualmente<br \/>\n<strong>lleno combustible<\/strong>. En caso contrario se le facturar\u00e1 el que falte m\u00e1s un cargo adicional en concepto de servicio de repostado; el importe de dicho cargo adicional es el<br \/>\nestablecido en las presentes Condiciones Generales en el Articulo 4.1 letra b.<\/p>\n<p><strong>ART\u00cdCULO 9.-\u00a0 \u00a0VALIDEZ DEL CONTRATO.<\/strong><br \/>\n9.1 Cualquier modificaci\u00f3n de las cl\u00e1usulas y condiciones del presente contrato deber\u00e1 constar expresamente por escrito, sin lo cual quedar\u00e1 nula y sin efecto.<\/p>\n<p><strong>ART\u00cdCULO 10.-\u00a0 \u00a0JURISDICCI\u00d3N APLICABLE.<\/strong><br \/>\n10.1 El Arrendatario, sea cual sea su nacionalidad, declara haber le\u00eddo todas las condiciones del presente contrato y para resolver cualquier duda o disconformidad<br \/>\nque pudiera surgir por la interpretaci\u00f3n y cumplimentaci\u00f3n del mismo, ambas partes renuncian expresamente a sus propios fueros y se someten a los<br \/>\nTribunales de Justicia de Palma de Mallorca.<\/p>\n<p><strong>TARIFAS Y FRANQUICIA.<\/strong><\/p>\n<p><strong>\u00a0 \u00a0 \u00a0 \u00a0 \u00a0 \u00a0 \u00a0 \u00a0 \u00a0 \u00a0 \u00a0 \u00a0 \u00a0 \u00a0 \u00a0 \u00a0 \u00a0 \u00a0 \u00a0 \u00a0 \u00a0 \u00a0 \u00a0 \u00a0 \u00a0 \u00a0 \u00a0 \u00a0 \u00a0 \u00a0 \u00a0 \u00a0TRACER 700\u00a0 \u00a0 \u00a0 \u00a0 \u00a0 \u00a0 HARLEY 883\u00a0 \u00a0 \u00a0 \u00a0 \u00a0 \u00a0 \u00a0V-STROM 650\u00a0 \u00a0 \u00a0 \u00a0 \u00a0 \u00a0INTRUDER 800<\/strong><br \/>\n1 DIA\u00a0 \u00a0 \u00a0 \u00a0 \u00a0 \u00a0 \u00a0 \u00a0 \u00a0 \u00a0 \u00a0 \u00a0 \u00a0 \u00a0 \u00a0 \u00a0 \u00a0 \u00a0 \u00a0 \u00a0 \u00a0 \u00a0 \u00a0 \u00a0 \u00a0 \u00a0 \u00a0 \u00a0 120\u20ac\u00a0 \u00a0 \u00a0 \u00a0 \u00a0 \u00a0 \u00a0 \u00a0 \u00a0 \u00a0 \u00a0 \u00a0 \u00a0 \u00a0 \u00a0 \u00a0110\u20ac\u00a0 \u00a0 \u00a0 \u00a0 \u00a0 \u00a0 \u00a0 \u00a0 \u00a0 \u00a0 \u00a0 \u00a0 \u00a0 \u00a0 \u00a0 \u00a0 \u00a0100\u20ac\u00a0 \u00a0 \u00a0 \u00a0 \u00a0 \u00a0 \u00a0 \u00a0 \u00a0 \u00a0 \u00a0 \u00a0 \u00a0 \u00a0 \u00a0 \u00a0 \u00a0100\u20ac<br \/>\n2 DIAS\u00a0 \u00a0 \u00a0 \u00a0 \u00a0 \u00a0 \u00a0 \u00a0 \u00a0 \u00a0 \u00a0 \u00a0 \u00a0 \u00a0 \u00a0 \u00a0 \u00a0 \u00a0 \u00a0 \u00a0 \u00a0 \u00a0 \u00a0 \u00a0 \u00a0 \u00a0 \u00a0115\u20ac\u00a0 \u00a0 \u00a0 \u00a0 \u00a0 \u00a0 \u00a0 \u00a0 \u00a0 \u00a0 \u00a0 \u00a0 \u00a0 \u00a0 \u00a0 \u00a0 200\u20ac\u00a0 \u00a0 \u00a0 \u00a0 \u00a0 \u00a0 \u00a0 \u00a0 \u00a0 \u00a0 \u00a0 \u00a0 \u00a0 \u00a0 \u00a0 \u00a0 180\u20ac\u00a0 \u00a0 \u00a0 \u00a0 \u00a0 \u00a0 \u00a0 \u00a0 \u00a0 \u00a0 \u00a0 \u00a0 \u00a0 \u00a0 \u00a0 \u00a0 \u00a0180\u20ac<br \/>\n3 DIAS\u00a0 \u00a0 \u00a0 \u00a0 \u00a0 \u00a0 \u00a0 \u00a0 \u00a0 \u00a0 \u00a0 \u00a0 \u00a0 \u00a0 \u00a0 \u00a0 \u00a0 \u00a0 \u00a0 \u00a0 \u00a0 \u00a0 \u00a0 \u00a0 \u00a0 \u00a0 \u00a0110\u20ac\u00a0 \u00a0 \u00a0 \u00a0 \u00a0 \u00a0 \u00a0 \u00a0 \u00a0 \u00a0 \u00a0 \u00a0 \u00a0 \u00a0 \u00a0 \u00a0 270\u20ac\u00a0 \u00a0 \u00a0 \u00a0 \u00a0 \u00a0 \u00a0 \u00a0 \u00a0 \u00a0 \u00a0 \u00a0 \u00a0 \u00a0 \u00a0 \u00a0 240\u20ac\u00a0 \u00a0 \u00a0 \u00a0 \u00a0 \u00a0 \u00a0 \u00a0 \u00a0 \u00a0 \u00a0 \u00a0 \u00a0 \u00a0 \u00a0 \u00a0 \u00a0240\u20ac<br \/>\n4 DIAS o M\u00c1S\u00a0 \u00a0 \u00a0 \u00a0 \u00a0 \u00a0 \u00a0 \u00a0 \u00a0 \u00a0 \u00a0 \u00a0 \u00a0 \u00a0 \u00a0 \u00a0 \u00a0 \u00a0 \u00a0 \u00a0 105\u20ac\/DIA\u00a0 \u00a0 \u00a0 \u00a0 \u00a0 \u00a0 \u00a0 \u00a0 \u00a0 \u00a0 \u00a0 \u00a0 80\u20ac\/DIA\u00a0 \u00a0 \u00a0 \u00a0 \u00a0 \u00a0 \u00a0 \u00a0 \u00a0 \u00a0 \u00a0 \u00a0 \u00a070\u20ac\/D\u00cdA\u00a0 \u00a0 \u00a0 \u00a0 \u00a0 \u00a0 \u00a0 \u00a0 \u00a0 \u00a0 \u00a0 \u00a0 \u00a0 70\u20ac\/DIA<br \/>\nLA FRANQUICIA SER\u00c1 EN TODOS LOS CASOS DE 500\u20ac<br \/>\n1.500\u20ac SEGURO VIP AMBOS RETORNABLES A LA DEVOLUCI\u00d3N DEL VEH\u00cdCULO SIN NO HAY NINGUN DESPERFECTO.<\/p>\n","protected":false},"excerpt":{"rendered":"<p>CONDICIONES CONTRACTUALES ART\u00cdCULO 1.-\u00a0 \u00a0UTILIZACI\u00d3N DEL VEH\u00cdCULO. 1.1 El Arrendatario se compromete a utilizar y conducir el Veh\u00edculo de acuerdo con las normas b\u00e1sicas de&#8230;<\/p>\n","protected":false},"author":1,"featured_media":0,"parent":0,"menu_order":0,"comment_status":"closed","ping_status":"closed","template":"","meta":{"inline_featured_image":false,"_joinchat":[],"footnotes":""},"class_list":["post-569","page","type-page","status-publish"],"yoast_head":"<!-- This site is optimized with the Yoast SEO plugin v26.8 - https:\/\/yoast.com\/product\/yoast-seo-wordpress\/ -->\r\n<title>Terms - Mallorca-Riders<\/title>\r\n<meta name=\"robots\" content=\"index, follow, max-snippet:-1, max-image-preview:large, max-video-preview:-1\" \/>\r\n<link rel=\"canonical\" href=\"https:\/\/mallorca-riders.com\/es\/terms\/\" \/>\r\n<meta property=\"og:locale\" content=\"es_ES\" \/>\r\n<meta property=\"og:type\" content=\"article\" \/>\r\n<meta property=\"og:title\" content=\"Terms - Mallorca-Riders\" \/>\r\n<meta property=\"og:description\" content=\"CONDICIONES CONTRACTUALES ART\u00cdCULO 1.-\u00a0 \u00a0UTILIZACI\u00d3N DEL VEH\u00cdCULO. 1.1 El Arrendatario se compromete a utilizar y conducir el Veh\u00edculo de acuerdo con las normas b\u00e1sicas de...\" \/>\r\n<meta property=\"og:url\" content=\"https:\/\/mallorca-riders.com\/es\/terms\/\" \/>\r\n<meta property=\"og:site_name\" content=\"Mallorca-Riders\" \/>\r\n<meta property=\"article:modified_time\" content=\"2022-03-10T20:32:30+00:00\" \/>\r\n<meta name=\"twitter:card\" content=\"summary_large_image\" \/>\r\n<meta name=\"twitter:label1\" content=\"Tiempo de lectura\" \/>\n\t<meta name=\"twitter:data1\" content=\"15 minutos\" \/>\r\n<!-- \/ Yoast SEO plugin. -->","yoast_head_json":{"title":"Terms - Mallorca-Riders","robots":{"index":"index","follow":"follow","max-snippet":"max-snippet:-1","max-image-preview":"max-image-preview:large","max-video-preview":"max-video-preview:-1"},"canonical":"https:\/\/mallorca-riders.com\/es\/terms\/","og_locale":"es_ES","og_type":"article","og_title":"Terms - Mallorca-Riders","og_description":"CONDICIONES CONTRACTUALES ART\u00cdCULO 1.-\u00a0 \u00a0UTILIZACI\u00d3N DEL VEH\u00cdCULO. 1.1 El Arrendatario se compromete a utilizar y conducir el Veh\u00edculo de acuerdo con las normas b\u00e1sicas de...","og_url":"https:\/\/mallorca-riders.com\/es\/terms\/","og_site_name":"Mallorca-Riders","article_modified_time":"2022-03-10T20:32:30+00:00","twitter_card":"summary_large_image","twitter_misc":{"Tiempo de lectura":"15 minutos"},"schema":{"@context":"https:\/\/schema.org","@graph":[{"@type":"WebPage","@id":"https:\/\/mallorca-riders.com\/es\/terms\/","url":"https:\/\/mallorca-riders.com\/es\/terms\/","name":"Terms - Mallorca-Riders","isPartOf":{"@id":"https:\/\/mallorca-riders.com\/es\/#website"},"datePublished":"2022-03-09T17:22:55+00:00","dateModified":"2022-03-10T20:32:30+00:00","breadcrumb":{"@id":"https:\/\/mallorca-riders.com\/es\/terms\/#breadcrumb"},"inLanguage":"es","potentialAction":[{"@type":"ReadAction","target":["https:\/\/mallorca-riders.com\/es\/terms\/"]}]},{"@type":"BreadcrumbList","@id":"https:\/\/mallorca-riders.com\/es\/terms\/#breadcrumb","itemListElement":[{"@type":"ListItem","position":1,"name":"Home","item":"https:\/\/mallorca-riders.com\/es\/"},{"@type":"ListItem","position":2,"name":"Terms"}]},{"@type":"WebSite","@id":"https:\/\/mallorca-riders.com\/es\/#website","url":"https:\/\/mallorca-riders.com\/es\/","name":"Mallorca Riders","description":"Rent Motorcycle Mallorca","publisher":{"@id":"https:\/\/mallorca-riders.com\/es\/#organization"},"potentialAction":[{"@type":"SearchAction","target":{"@type":"EntryPoint","urlTemplate":"https:\/\/mallorca-riders.com\/es\/?s={search_term_string}"},"query-input":{"@type":"PropertyValueSpecification","valueRequired":true,"valueName":"search_term_string"}}],"inLanguage":"es"},{"@type":"Organization","@id":"https:\/\/mallorca-riders.com\/es\/#organization","name":"Mallorca Riders","url":"https:\/\/mallorca-riders.com\/es\/","logo":{"@type":"ImageObject","inLanguage":"es","@id":"https:\/\/mallorca-riders.com\/es\/#\/schema\/logo\/image\/","url":"https:\/\/mallorca-riders.com\/wp-content\/uploads\/2022\/02\/LOGO2-1.png","contentUrl":"https:\/\/mallorca-riders.com\/wp-content\/uploads\/2022\/02\/LOGO2-1.png","width":178,"height":100,"caption":"Mallorca Riders"},"image":{"@id":"https:\/\/mallorca-riders.com\/es\/#\/schema\/logo\/image\/"}}]}},"_links":{"self":[{"href":"https:\/\/mallorca-riders.com\/es\/wp-json\/wp\/v2\/pages\/569","targetHints":{"allow":["GET"]}}],"collection":[{"href":"https:\/\/mallorca-riders.com\/es\/wp-json\/wp\/v2\/pages"}],"about":[{"href":"https:\/\/mallorca-riders.com\/es\/wp-json\/wp\/v2\/types\/page"}],"author":[{"embeddable":true,"href":"https:\/\/mallorca-riders.com\/es\/wp-json\/wp\/v2\/users\/1"}],"replies":[{"embeddable":true,"href":"https:\/\/mallorca-riders.com\/es\/wp-json\/wp\/v2\/comments?post=569"}],"version-history":[{"count":4,"href":"https:\/\/mallorca-riders.com\/es\/wp-json\/wp\/v2\/pages\/569\/revisions"}],"predecessor-version":[{"id":582,"href":"https:\/\/mallorca-riders.com\/es\/wp-json\/wp\/v2\/pages\/569\/revisions\/582"}],"wp:attachment":[{"href":"https:\/\/mallorca-riders.com\/es\/wp-json\/wp\/v2\/media?parent=569"}],"curies":[{"name":"wp","href":"https:\/\/api.w.org\/{rel}","templated":true}]}}