{"id":490,"date":"2022-02-28T20:55:35","date_gmt":"2022-02-28T20:55:35","guid":{"rendered":"https:\/\/mallorca-riders.com\/guided-tours-motorcycle-mallorca\/"},"modified":"2024-10-16T09:19:33","modified_gmt":"2024-10-16T09:19:33","slug":"gefuehrte-touren-motorrad-mallorca","status":"publish","type":"page","link":"https:\/\/mallorca-riders.com\/de\/gefuehrte-touren-motorrad-mallorca\/","title":{"rendered":"GEF\u00dcHRTE TOUREN MOTORRAD MALLORCA"},"content":{"rendered":"[vc_row type=&#8221;full_width_content&#8221; full_screen_row_position=&#8221;middle&#8221; column_margin=&#8221;default&#8221; equal_height=&#8221;yes&#8221; content_placement=&#8221;middle&#8221; column_direction=&#8221;default&#8221; column_direction_tablet=&#8221;default&#8221; column_direction_phone=&#8221;default&#8221; bg_color=&#8221;#ffffff&#8221; scene_position=&#8221;center&#8221; text_color=&#8221;dark&#8221; text_align=&#8221;left&#8221; row_border_radius=&#8221;none&#8221; row_border_radius_applies=&#8221;bg&#8221; overflow=&#8221;visible&#8221; overlay_strength=&#8221;0.3&#8243; gradient_direction=&#8221;left_to_right&#8221; shape_divider_position=&#8221;bottom&#8221; bg_image_animation=&#8221;none&#8221;][vc_column column_padding=&#8221;padding-10-percent&#8221; column_padding_tablet=&#8221;inherit&#8221; column_padding_phone=&#8221;inherit&#8221; column_padding_position=&#8221;all&#8221; column_element_spacing=&#8221;default&#8221; background_color=&#8221;#f4f4f4&#8243; background_color_opacity=&#8221;1&#8243; background_hover_color_opacity=&#8221;1&#8243; column_shadow=&#8221;none&#8221; column_border_radius=&#8221;none&#8221; column_link_target=&#8221;_self&#8221; column_position=&#8221;default&#8221; gradient_direction=&#8221;left_to_right&#8221; overlay_strength=&#8221;0.3&#8243; width=&#8221;1\/2&#8243; tablet_width_inherit=&#8221;default&#8221; tablet_text_alignment=&#8221;default&#8221; phone_text_alignment=&#8221;default&#8221; animation_type=&#8221;default&#8221; bg_image_animation=&#8221;none&#8221; border_type=&#8221;simple&#8221; column_border_width=&#8221;none&#8221; column_border_style=&#8221;solid&#8221;][vc_row_inner column_margin=&#8221;default&#8221; column_direction=&#8221;default&#8221; column_direction_tablet=&#8221;default&#8221; column_direction_phone=&#8221;default&#8221; text_align=&#8221;left&#8221; row_position=&#8221;default&#8221; row_position_tablet=&#8221;inherit&#8221; row_position_phone=&#8221;inherit&#8221; overflow=&#8221;visible&#8221; pointer_events=&#8221;all&#8221;][vc_column_inner column_padding=&#8221;no-extra-padding&#8221; column_padding_tablet=&#8221;inherit&#8221; column_padding_phone=&#8221;inherit&#8221; column_padding_position=&#8221;all&#8221; column_element_spacing=&#8221;default&#8221; background_color_opacity=&#8221;1&#8243; background_hover_color_opacity=&#8221;1&#8243; column_shadow=&#8221;none&#8221; column_border_radius=&#8221;none&#8221; column_link_target=&#8221;_self&#8221; gradient_direction=&#8221;left_to_right&#8221; overlay_strength=&#8221;0.3&#8243; width=&#8221;1\/1&#8243; tablet_width_inherit=&#8221;default&#8221; animation_type=&#8221;default&#8221; enable_animation=&#8221;true&#8221; animation=&#8221;fade-in-from-bottom&#8221; bg_image_animation=&#8221;none&#8221; border_type=&#8221;simple&#8221; column_border_width=&#8221;none&#8221; column_border_style=&#8221;solid&#8221;][vc_column_text]\n<h3>GEF\u00dcHRTE TOUREN<\/h3>\n<p>Touren \u00fcber 5 Stunden.<br \/>\nMindestens 3 Motorr\u00e4der.<br \/>\nZEITEN: 8-13 Uhr oder 16-21 Uhr (nach Absprache).<\/p>\n<h3>PREISE<\/h3>\n<p><strong>V-Strom &#8211; Intruder &#8211; Harley: 150\u20ac<\/strong><br \/>\n<strong>Mitfahrer (Sozius): 40\u20ac<\/strong><br \/>\nEnthalten: Motorrad, Helm, Versicherung, Mittagessen und Erfrischungsgetr\u00e4nke.<\/p>\n<p><strong>48 STUNDEN VORHER BEST\u00c4TIGEN LASSEN.<\/strong><\/p>\n<p>ANMELDUNG: <a href=\"tel:0034687516298\">(0034) 687 51 62 98<\/a> &#8211; <a href=\"mailto:reservasmallorcariders@gmail.com\">reservasmallorcariders@gmail.com<\/a>[\/vc_column_text][\/vc_column_inner][\/vc_row_inner][\/vc_column][vc_column column_padding=&#8221;no-extra-padding&#8221; column_padding_tablet=&#8221;inherit&#8221; column_padding_phone=&#8221;inherit&#8221; column_padding_position=&#8221;all&#8221; column_element_spacing=&#8221;default&#8221; background_color_opacity=&#8221;1&#8243; background_hover_color_opacity=&#8221;1&#8243; background_image=&#8221;404&#8243; background_image_position=&#8221;center center&#8221; enable_bg_scale=&#8221;true&#8221; background_image_loading=&#8221;default&#8221; column_shadow=&#8221;none&#8221; column_border_radius=&#8221;none&#8221; column_link_target=&#8221;_self&#8221; column_position=&#8221;default&#8221; advanced_gradient_angle=&#8221;0&#8243; gradient_direction=&#8221;left_to_right&#8221; overlay_strength=&#8221;0.3&#8243; width=&#8221;1\/2&#8243; tablet_width_inherit=&#8221;default&#8221; tablet_text_alignment=&#8221;default&#8221; phone_text_alignment=&#8221;default&#8221; animation_type=&#8221;default&#8221; bg_image_animation=&#8221;none&#8221; border_type=&#8221;simple&#8221; column_border_width=&#8221;none&#8221; column_border_style=&#8221;solid&#8221; gradient_type=&#8221;default&#8221;][divider line_type=&#8221;No Line&#8221; custom_height=&#8221;400&#8243;][\/vc_column][\/vc_row][vc_row type=&#8221;full_width_content&#8221; full_screen_row_position=&#8221;middle&#8221; column_margin=&#8221;default&#8221; equal_height=&#8221;yes&#8221; content_placement=&#8221;middle&#8221; column_direction=&#8221;default&#8221; column_direction_tablet=&#8221;default&#8221; column_direction_phone=&#8221;default&#8221; bg_color=&#8221;#ffffff&#8221; scene_position=&#8221;center&#8221; text_color=&#8221;dark&#8221; text_align=&#8221;left&#8221; row_border_radius=&#8221;none&#8221; row_border_radius_applies=&#8221;bg&#8221; overflow=&#8221;visible&#8221; overlay_strength=&#8221;0.3&#8243; gradient_direction=&#8221;left_to_right&#8221; shape_divider_position=&#8221;bottom&#8221; bg_image_animation=&#8221;none&#8221;][vc_column column_padding=&#8221;no-extra-padding&#8221; column_padding_tablet=&#8221;inherit&#8221; column_padding_phone=&#8221;inherit&#8221; column_padding_position=&#8221;all&#8221; column_element_spacing=&#8221;default&#8221; background_color_opacity=&#8221;1&#8243; background_hover_color_opacity=&#8221;1&#8243; background_image=&#8221;401&#8243; background_image_position=&#8221;center center&#8221; enable_bg_scale=&#8221;true&#8221; background_image_loading=&#8221;default&#8221; column_shadow=&#8221;none&#8221; column_border_radius=&#8221;none&#8221; column_link_target=&#8221;_self&#8221; column_position=&#8221;default&#8221; advanced_gradient_angle=&#8221;0&#8243; gradient_direction=&#8221;left_to_right&#8221; overlay_strength=&#8221;0.3&#8243; width=&#8221;1\/2&#8243; tablet_width_inherit=&#8221;default&#8221; tablet_text_alignment=&#8221;default&#8221; phone_text_alignment=&#8221;default&#8221; animation_type=&#8221;default&#8221; bg_image_animation=&#8221;none&#8221; border_type=&#8221;simple&#8221; column_border_width=&#8221;none&#8221; column_border_style=&#8221;solid&#8221; gradient_type=&#8221;default&#8221; offset=&#8221;vc_hidden-sm vc_hidden-xs&#8221;][\/vc_column][vc_column column_padding=&#8221;padding-10-percent&#8221; column_padding_tablet=&#8221;inherit&#8221; column_padding_phone=&#8221;inherit&#8221; column_padding_position=&#8221;all&#8221; column_element_spacing=&#8221;default&#8221; background_color=&#8221;#f4f4f4&#8243; background_color_opacity=&#8221;1&#8243; background_hover_color_opacity=&#8221;1&#8243; column_shadow=&#8221;none&#8221; column_border_radius=&#8221;none&#8221; column_link_target=&#8221;_self&#8221; column_position=&#8221;default&#8221; gradient_direction=&#8221;left_to_right&#8221; overlay_strength=&#8221;0.3&#8243; width=&#8221;1\/2&#8243; tablet_width_inherit=&#8221;default&#8221; tablet_text_alignment=&#8221;default&#8221; phone_text_alignment=&#8221;default&#8221; animation_type=&#8221;default&#8221; bg_image_animation=&#8221;none&#8221; border_type=&#8221;simple&#8221; column_border_width=&#8221;none&#8221; column_border_style=&#8221;solid&#8221;][vc_row_inner column_margin=&#8221;default&#8221; column_direction=&#8221;default&#8221; column_direction_tablet=&#8221;default&#8221; column_direction_phone=&#8221;default&#8221; text_align=&#8221;left&#8221; row_position=&#8221;default&#8221; row_position_tablet=&#8221;inherit&#8221; row_position_phone=&#8221;inherit&#8221; overflow=&#8221;visible&#8221; pointer_events=&#8221;all&#8221;][vc_column_inner column_padding=&#8221;no-extra-padding&#8221; column_padding_tablet=&#8221;inherit&#8221; column_padding_phone=&#8221;inherit&#8221; column_padding_position=&#8221;all&#8221; column_element_spacing=&#8221;default&#8221; background_color_opacity=&#8221;1&#8243; background_hover_color_opacity=&#8221;1&#8243; column_shadow=&#8221;none&#8221; column_border_radius=&#8221;none&#8221; column_link_target=&#8221;_self&#8221; gradient_direction=&#8221;left_to_right&#8221; overlay_strength=&#8221;0.3&#8243; width=&#8221;1\/1&#8243; tablet_width_inherit=&#8221;default&#8221; animation_type=&#8221;default&#8221; enable_animation=&#8221;true&#8221; animation=&#8221;fade-in-from-bottom&#8221; bg_image_animation=&#8221;none&#8221; border_type=&#8221;simple&#8221; column_border_width=&#8221;none&#8221; column_border_style=&#8221;solid&#8221;][vc_column_text]\n<h3>TOUREN<\/h3>\n<p><strong>STR\u00c4NDE:<\/strong> Eine Route, um einige der sch\u00f6nsten Str\u00e4nde im S\u00fcden Mallorcas kennen zu lernen. Genie\u00dfen Sie auch die Stra\u00dfen, die den Westen zum Osten verbinden.<\/p>\n<p><strong>BERGE:<\/strong> Die beste Route, um mit dem Motorrad die Landschaft \u201eSierra de Tramuntana\u201c (Tramuntana-Gebirge) und Stra\u00dfen zum Meer zu genie\u00dfen.<\/p>\n<p><strong>KL\u00d6STER:<\/strong> Mit dieser Route entdecken Sie wenig bekannte Orte, Kl\u00f6ster \u00fcber die ganze Insel verteilt, verbunden mit f\u00fcr Motorr\u00e4der perfekte Stra\u00dfen.[\/vc_column_text][\/vc_column_inner][\/vc_row_inner][\/vc_column][\/vc_row]\n","protected":false},"excerpt":{"rendered":"<p>[vc_row type=&#8221;full_width_content&#8221; full_screen_row_position=&#8221;middle&#8221; column_margin=&#8221;default&#8221; equal_height=&#8221;yes&#8221; content_placement=&#8221;middle&#8221; column_direction=&#8221;default&#8221; column_direction_tablet=&#8221;default&#8221; column_direction_phone=&#8221;default&#8221; bg_color=&#8221;#ffffff&#8221; scene_position=&#8221;center&#8221; text_color=&#8221;dark&#8221; text_align=&#8221;left&#8221; row_border_radius=&#8221;none&#8221; row_border_radius_applies=&#8221;bg&#8221; overflow=&#8221;visible&#8221; overlay_strength=&#8221;0.3&#8243; gradient_direction=&#8221;left_to_right&#8221; shape_divider_position=&#8221;bottom&#8221; bg_image_animation=&#8221;none&#8221;][vc_column column_padding=&#8221;padding-10-percent&#8221; column_padding_tablet=&#8221;inherit&#8221; column_padding_phone=&#8221;inherit&#8221; column_padding_position=&#8221;all&#8221; column_element_spacing=&#8221;default&#8221;&#8230;<\/p>\n","protected":false},"author":1,"featured_media":486,"parent":0,"menu_order":0,"comment_status":"closed","ping_status":"closed","template":"","meta":{"inline_featured_image":false,"_joinchat":[],"footnotes":""},"class_list":["post-490","page","type-page","status-publish","has-post-thumbnail"],"yoast_head":"<!-- This site is optimized with the Yoast SEO plugin v26.8 - https:\/\/yoast.com\/product\/yoast-seo-wordpress\/ -->\r\n<title>Gef\u00fchrte Motorradtouren Mallorca | Entdecke die Insel<\/title>\r\n<meta name=\"description\" content=\"Gef\u00fchrte Motorradtouren auf Mallorca. Erkunde die Insel mit erfahrenen Guides und erlebe eine unvergessliche Tour. Buche jetzt deine Tour!\" \/>\r\n<meta name=\"robots\" content=\"index, follow, max-snippet:-1, max-image-preview:large, max-video-preview:-1\" \/>\r\n<link rel=\"canonical\" href=\"https:\/\/mallorca-riders.com\/de\/gefuehrte-touren-motorrad-mallorca\/\" \/>\r\n<meta property=\"og:locale\" content=\"de_DE\" \/>\r\n<meta property=\"og:type\" content=\"article\" \/>\r\n<meta property=\"og:title\" content=\"Gef\u00fchrte Motorradtouren Mallorca | Entdecke die Insel\" \/>\r\n<meta property=\"og:description\" content=\"Gef\u00fchrte Motorradtouren auf Mallorca. Erkunde die Insel mit erfahrenen Guides und erlebe eine unvergessliche Tour. Buche jetzt deine Tour!\" \/>\r\n<meta property=\"og:url\" content=\"https:\/\/mallorca-riders.com\/de\/gefuehrte-touren-motorrad-mallorca\/\" \/>\r\n<meta property=\"og:site_name\" content=\"Mallorca-Riders\" \/>\r\n<meta property=\"article:modified_time\" content=\"2024-10-16T09:19:33+00:00\" \/>\r\n<meta property=\"og:image\" content=\"https:\/\/mallorca-riders.com\/wp-content\/uploads\/2022\/02\/GUIDED-TOURS-MOTORCYCLE-MALLORCA-1.jpg\" \/>\r\n\t<meta property=\"og:image:width\" content=\"1200\" \/>\r\n\t<meta property=\"og:image:height\" content=\"800\" \/>\r\n\t<meta property=\"og:image:type\" content=\"image\/jpeg\" \/>\r\n<meta name=\"twitter:card\" content=\"summary_large_image\" \/>\r\n<meta name=\"twitter:label1\" content=\"Gesch\u00e4tzte Lesezeit\" \/>\n\t<meta name=\"twitter:data1\" content=\"3\u00a0Minuten\" \/>\r\n<!-- \/ Yoast SEO plugin. -->","yoast_head_json":{"title":"Gef\u00fchrte Motorradtouren Mallorca | Entdecke die Insel","description":"Gef\u00fchrte Motorradtouren auf Mallorca. Erkunde die Insel mit erfahrenen Guides und erlebe eine unvergessliche Tour. Buche jetzt deine Tour!","robots":{"index":"index","follow":"follow","max-snippet":"max-snippet:-1","max-image-preview":"max-image-preview:large","max-video-preview":"max-video-preview:-1"},"canonical":"https:\/\/mallorca-riders.com\/de\/gefuehrte-touren-motorrad-mallorca\/","og_locale":"de_DE","og_type":"article","og_title":"Gef\u00fchrte Motorradtouren Mallorca | Entdecke die Insel","og_description":"Gef\u00fchrte Motorradtouren auf Mallorca. Erkunde die Insel mit erfahrenen Guides und erlebe eine unvergessliche Tour. Buche jetzt deine Tour!","og_url":"https:\/\/mallorca-riders.com\/de\/gefuehrte-touren-motorrad-mallorca\/","og_site_name":"Mallorca-Riders","article_modified_time":"2024-10-16T09:19:33+00:00","og_image":[{"width":1200,"height":800,"url":"https:\/\/mallorca-riders.com\/wp-content\/uploads\/2022\/02\/GUIDED-TOURS-MOTORCYCLE-MALLORCA-1.jpg","type":"image\/jpeg"}],"twitter_card":"summary_large_image","twitter_misc":{"Gesch\u00e4tzte Lesezeit":"3\u00a0Minuten"},"schema":{"@context":"https:\/\/schema.org","@graph":[{"@type":"WebPage","@id":"https:\/\/mallorca-riders.com\/de\/gefuehrte-touren-motorrad-mallorca\/","url":"https:\/\/mallorca-riders.com\/de\/gefuehrte-touren-motorrad-mallorca\/","name":"Gef\u00fchrte Motorradtouren Mallorca | Entdecke die Insel","isPartOf":{"@id":"https:\/\/mallorca-riders.com\/de\/#website"},"primaryImageOfPage":{"@id":"https:\/\/mallorca-riders.com\/de\/gefuehrte-touren-motorrad-mallorca\/#primaryimage"},"image":{"@id":"https:\/\/mallorca-riders.com\/de\/gefuehrte-touren-motorrad-mallorca\/#primaryimage"},"thumbnailUrl":"https:\/\/mallorca-riders.com\/wp-content\/uploads\/2022\/02\/GUIDED-TOURS-MOTORCYCLE-MALLORCA-1.jpg","datePublished":"2022-02-28T20:55:35+00:00","dateModified":"2024-10-16T09:19:33+00:00","description":"Gef\u00fchrte Motorradtouren auf Mallorca. Erkunde die Insel mit erfahrenen Guides und erlebe eine unvergessliche Tour. Buche jetzt deine Tour!","breadcrumb":{"@id":"https:\/\/mallorca-riders.com\/de\/gefuehrte-touren-motorrad-mallorca\/#breadcrumb"},"inLanguage":"de","potentialAction":[{"@type":"ReadAction","target":["https:\/\/mallorca-riders.com\/de\/gefuehrte-touren-motorrad-mallorca\/"]}]},{"@type":"ImageObject","inLanguage":"de","@id":"https:\/\/mallorca-riders.com\/de\/gefuehrte-touren-motorrad-mallorca\/#primaryimage","url":"https:\/\/mallorca-riders.com\/wp-content\/uploads\/2022\/02\/GUIDED-TOURS-MOTORCYCLE-MALLORCA-1.jpg","contentUrl":"https:\/\/mallorca-riders.com\/wp-content\/uploads\/2022\/02\/GUIDED-TOURS-MOTORCYCLE-MALLORCA-1.jpg","width":1200,"height":800,"caption":"RENT MOTORCYCLE MALLORCA"},{"@type":"BreadcrumbList","@id":"https:\/\/mallorca-riders.com\/de\/gefuehrte-touren-motorrad-mallorca\/#breadcrumb","itemListElement":[{"@type":"ListItem","position":1,"name":"Home","item":"https:\/\/mallorca-riders.com\/de\/"},{"@type":"ListItem","position":2,"name":"GEF\u00dcHRTE TOUREN MOTORRAD MALLORCA"}]},{"@type":"WebSite","@id":"https:\/\/mallorca-riders.com\/de\/#website","url":"https:\/\/mallorca-riders.com\/de\/","name":"Mallorca Riders","description":"Rent Motorcycle Mallorca","publisher":{"@id":"https:\/\/mallorca-riders.com\/de\/#organization"},"potentialAction":[{"@type":"SearchAction","target":{"@type":"EntryPoint","urlTemplate":"https:\/\/mallorca-riders.com\/de\/?s={search_term_string}"},"query-input":{"@type":"PropertyValueSpecification","valueRequired":true,"valueName":"search_term_string"}}],"inLanguage":"de"},{"@type":"Organization","@id":"https:\/\/mallorca-riders.com\/de\/#organization","name":"Mallorca Riders","url":"https:\/\/mallorca-riders.com\/de\/","logo":{"@type":"ImageObject","inLanguage":"de","@id":"https:\/\/mallorca-riders.com\/de\/#\/schema\/logo\/image\/","url":"https:\/\/mallorca-riders.com\/wp-content\/uploads\/2022\/02\/LOGO2-1.png","contentUrl":"https:\/\/mallorca-riders.com\/wp-content\/uploads\/2022\/02\/LOGO2-1.png","width":178,"height":100,"caption":"Mallorca Riders"},"image":{"@id":"https:\/\/mallorca-riders.com\/de\/#\/schema\/logo\/image\/"}}]}},"_links":{"self":[{"href":"https:\/\/mallorca-riders.com\/de\/wp-json\/wp\/v2\/pages\/490","targetHints":{"allow":["GET"]}}],"collection":[{"href":"https:\/\/mallorca-riders.com\/de\/wp-json\/wp\/v2\/pages"}],"about":[{"href":"https:\/\/mallorca-riders.com\/de\/wp-json\/wp\/v2\/types\/page"}],"author":[{"embeddable":true,"href":"https:\/\/mallorca-riders.com\/de\/wp-json\/wp\/v2\/users\/1"}],"replies":[{"embeddable":true,"href":"https:\/\/mallorca-riders.com\/de\/wp-json\/wp\/v2\/comments?post=490"}],"version-history":[{"count":2,"href":"https:\/\/mallorca-riders.com\/de\/wp-json\/wp\/v2\/pages\/490\/revisions"}],"predecessor-version":[{"id":505,"href":"https:\/\/mallorca-riders.com\/de\/wp-json\/wp\/v2\/pages\/490\/revisions\/505"}],"wp:featuredmedia":[{"embeddable":true,"href":"https:\/\/mallorca-riders.com\/de\/wp-json\/wp\/v2\/media\/486"}],"wp:attachment":[{"href":"https:\/\/mallorca-riders.com\/de\/wp-json\/wp\/v2\/media?parent=490"}],"curies":[{"name":"wp","href":"https:\/\/api.w.org\/{rel}","templated":true}]}}